{"id":38,"date":"2015-08-17T12:32:05","date_gmt":"2015-08-17T10:32:05","guid":{"rendered":"http:\/\/www.parrocchiavillanovadelbattista.it\/site\/wpita\/?page_id=38"},"modified":"2020-05-17T18:38:14","modified_gmt":"2020-05-17T16:38:14","slug":"archivio","status":"publish","type":"page","link":"https:\/\/www.parrocchiavillanovadelbattista.it\/site\/wpita\/archivio\/","title":{"rendered":"SPIRITUALITA&#8217;"},"content":{"rendered":"\n<h1 class=\"has-text-align-center has-text-color wp-block-heading\" style=\"color:#0002a3\">Che  cos&#8217;\u00e8 la preghiera ?<\/h1>\n\n\n\n<div class=\"wp-block-group has-background\" style=\"background-color:#d1f9e2\"><div class=\"wp-block-group__inner-container is-layout-flow wp-block-group-is-layout-flow\">\n<p><em>La preghiera \u00e8 il mezzo per comunicare con Dio, <strong>\u00e8 uno stare con Dio<\/strong>, un colloquio intimo con lui. dove Lui stesso parla al nostro cuore. Il nostro dialogo con Dio deve essere: sincero, costante, sapiente, di fiducia, di amore e di speranza, portandoci alla contemplazione di Dio e alla lode di Dio, perch\u00e9 Lui \u00e8 il creatore e il Padre. <\/em><\/p>\n<p><em>A Dio possiamo dire tutto quello che abbiamo nel cuore in ogni momento e situazione: dalle nostre preoccupazioni, tormenti, ossessioni ai nostri desideri, anche i pi\u00f9 piccoli.<\/em><\/p>\n<p><em> In questo modo noteremo con quale amore e misericordia Dio ci alleggerisce il peso della Croce che portiamo. Questo \u00e8 possibile proprio affidando tutto nella preghiera con vera fiducia e speranza. <\/em><\/p>\n<p><em>Quando ci siamo affidati totalmente a Dio, Lui ci rivela la sua volont\u00e0, il disegno che Dio ha su di ciascuno di noi: &#8220;Padre non sia fatta la mia volont\u00e0, ma la Tua volont\u00e0&#8221; (Lc. 22.42). <\/em><\/p>\n<p><em>E&#8217; molto importante confidare nel Suo aiuto ed essere consapevoli che Lui ascolta ogni nostra parola e che a lui tutto \u00e8 possibile: &#8220;Chiedete e vi sar\u00e0 dato; cercate e troverete; bussate e vi sar\u00e0 aperto; perch\u00e9 chiunque chiede riceve, e chi cerca trova e a chi bussa sar\u00e0 aperto&#8221;. (Mt. 7.7) <\/em><\/p>\n<p><em>La preghiera deve essere fatta con il cuore e non di sole parole, cercando di comprendere il significato di quello che diciamo e di viverlo. <\/em><\/p>\n<p><em>Preghiamo pure chiedendo l\u2019intercessione della Madonna e dei Santi. <\/em><\/p>\n<p><em>La nostra preghiera deve essere quindi di <strong>Speranza, di Amore e di Fede<\/strong> verso Colui che ci ha creato e ha dato la sua vita per salvarci dal peccato. In ogni preghiera non dobbiamo mai dimenticare di ringraziare Dio: la sua generosit\u00e0 \u00e8 infinita e senza Lui non siamo nulla.<\/em><\/p>\n<h3>&nbsp;<\/h3>\n<h3>&nbsp;<\/h3>\n<p><span style=\"font-family: Arial;\">&nbsp;<\/span><\/p>\n\n\n\n<p><\/p>\n<\/div><\/div>\n","protected":false},"excerpt":{"rendered":"<p>Che cos&#8217;\u00e8 la preghiera ? La preghiera \u00e8 il mezzo per comunicare con Dio, \u00e8 uno stare con Dio, un colloquio intimo con lui. dove Lui stesso parla al nostro&hellip;<\/p>\n","protected":false},"author":1,"featured_media":0,"parent":0,"menu_order":0,"comment_status":"closed","ping_status":"closed","template":"","meta":{"_mc_calendar":[],"footnotes":""},"class_list":["post-38","page","type-page","status-publish","hentry"],"_links":{"self":[{"href":"https:\/\/www.parrocchiavillanovadelbattista.it\/site\/wpita\/wp-json\/wp\/v2\/pages\/38","targetHints":{"allow":["GET"]}}],"collection":[{"href":"https:\/\/www.parrocchiavillanovadelbattista.it\/site\/wpita\/wp-json\/wp\/v2\/pages"}],"about":[{"href":"https:\/\/www.parrocchiavillanovadelbattista.it\/site\/wpita\/wp-json\/wp\/v2\/types\/page"}],"author":[{"embeddable":true,"href":"https:\/\/www.parrocchiavillanovadelbattista.it\/site\/wpita\/wp-json\/wp\/v2\/users\/1"}],"replies":[{"embeddable":true,"href":"https:\/\/www.parrocchiavillanovadelbattista.it\/site\/wpita\/wp-json\/wp\/v2\/comments?post=38"}],"version-history":[{"count":22,"href":"https:\/\/www.parrocchiavillanovadelbattista.it\/site\/wpita\/wp-json\/wp\/v2\/pages\/38\/revisions"}],"predecessor-version":[{"id":1167,"href":"https:\/\/www.parrocchiavillanovadelbattista.it\/site\/wpita\/wp-json\/wp\/v2\/pages\/38\/revisions\/1167"}],"wp:attachment":[{"href":"https:\/\/www.parrocchiavillanovadelbattista.it\/site\/wpita\/wp-json\/wp\/v2\/media?parent=38"}],"curies":[{"name":"wp","href":"https:\/\/api.w.org\/{rel}","templated":true}]}}