{"id":29,"date":"2015-08-17T12:29:10","date_gmt":"2015-08-17T10:29:10","guid":{"rendered":"http:\/\/www.parrocchiavillanovadelbattista.it\/site\/wpita\/?page_id=29"},"modified":"2026-05-03T10:13:22","modified_gmt":"2026-05-03T08:13:22","slug":"home","status":"publish","type":"page","link":"https:\/\/www.parrocchiavillanovadelbattista.it\/site\/wpita\/","title":{"rendered":"Parrocchia S.Maria Assunta"},"content":{"rendered":"\n<div class=\"wp-block-columns are-vertically-aligned-center is-layout-flex wp-container-core-columns-is-layout-9d6595d7 wp-block-columns-is-layout-flex\">\n<div class=\"wp-block-column is-vertically-aligned-center is-layout-flow wp-block-column-is-layout-flow\">\n<figure class=\"wp-block-image size-large\"><img decoding=\"async\" width=\"140\" height=\"130\" src=\"https:\/\/www.parrocchiavillanovadelbattista.it\/site\/wpita\/wp-content\/uploads\/2015\/08\/chiese05.gif\" alt=\"\" class=\"wp-image-426\"\/><figcaption class=\"wp-element-caption\"><mark style=\"background-color: rgba(0, 0, 0, 0); color: #ec0808;\" class=\"has-inline-color\"><strong>Benvenuto<\/strong><\/mark><mark style=\"background-color: rgba(0, 0, 0, 0); color: #f00e0e;\" class=\"has-inline-color\"><strong>. <\/strong><\/mark><br><mark style=\"background-color: rgba(0, 0, 0, 0); color: #f00e0e;\" class=\"has-inline-color\"><strong>Nel Silenzio del tuo cuore ti invito ad incontrare il Risorto. Dio ti benedica!<\/strong><\/mark><\/figcaption><\/figure>\n\n\n\n<p class=\"has-text-color\" style=\"color:#f40c0c\"><em><mark style=\"background-color:rgba(0, 0, 0, 0);color:#068e95d9\" class=\"has-inline-color\"><strong>Per vivere con coraggio i problemi e le sofferenze della vita concentra la tua attenzione e la tua intenzione su Ges\u00f9<\/strong>.<\/mark><\/em><\/p>\n<\/div>\n\n\n\n<div class=\"wp-block-column is-vertically-aligned-center is-layout-flow wp-block-column-is-layout-flow\">\n<p><em><strong><mark style=\"background-color:rgba(0, 0, 0, 0);color:#2609f0\" class=\"has-inline-color\">Pagine aggiornate al <\/mark><\/strong><\/em><\/p>\n<\/div>\n<\/div>\n\n\n\n<div class=\"wp-block-columns is-layout-flex wp-container-core-columns-is-layout-9d6595d7 wp-block-columns-is-layout-flex\">\n<div class=\"wp-block-column is-layout-flow wp-block-column-is-layout-flow\"><\/div>\n\n\n\n<div class=\"wp-block-column is-layout-flow wp-block-column-is-layout-flow\"><\/div>\n\n\n\n<div class=\"wp-block-column is-layout-flow wp-block-column-is-layout-flow\"><\/div>\n<\/div>\n\n\n\n<h3 class=\"wp-block-heading\"><\/h3>\n\n\n\n<figure class=\"wp-block-image size-full is-resized\"><a href=\"https:\/\/www.parrocchiavillanovadelbattista.it\/site\/wpita\/wp-content\/uploads\/2025\/05\/papa.jpg\"><img decoding=\"async\" width=\"410\" height=\"501\" src=\"https:\/\/www.parrocchiavillanovadelbattista.it\/site\/wpita\/wp-content\/uploads\/2025\/05\/papa.jpg\" alt=\"\" class=\"wp-image-4069\" style=\"width:135px;height:auto\" srcset=\"https:\/\/www.parrocchiavillanovadelbattista.it\/site\/wpita\/wp-content\/uploads\/2025\/05\/papa.jpg 410w, https:\/\/www.parrocchiavillanovadelbattista.it\/site\/wpita\/wp-content\/uploads\/2025\/05\/papa-246x300.jpg 246w\" sizes=\"(max-width: 410px) 100vw, 410px\" \/><\/a><\/figure>\n\n\n\n<p><strong>Papa Leone XIV. <\/strong><\/p>\n\n\n\n<p><\/p>\n\n\n\n<p><\/p>\n\n\n\n<p><\/p>\n\n\n\n<h2 class=\"wp-block-heading\"><mark style=\"background-color:rgba(0, 0, 0, 0);color:#f40808\" class=\"has-inline-color\">Appuntamenti Parrocchiale<\/mark><\/h2>\n\n\n\n<div class=\"wp-block-columns is-layout-flex wp-container-core-columns-is-layout-9d6595d7 wp-block-columns-is-layout-flex\">\n<div class=\"wp-block-column is-layout-flow wp-block-column-is-layout-flow\">\n<figure class=\"wp-block-image size-large\"><a href=\"https:\/\/www.parrocchiavillanovadelbattista.it\/site\/wpita\/wp-content\/uploads\/2026\/05\/Locandina-A3-Mese-maggio-Incoronata.jpg\"><img decoding=\"async\" width=\"724\" height=\"1024\" src=\"https:\/\/www.parrocchiavillanovadelbattista.it\/site\/wpita\/wp-content\/uploads\/2026\/05\/Locandina-A3-Mese-maggio-Incoronata-724x1024.jpg\" alt=\"\" class=\"wp-image-4227\" srcset=\"https:\/\/www.parrocchiavillanovadelbattista.it\/site\/wpita\/wp-content\/uploads\/2026\/05\/Locandina-A3-Mese-maggio-Incoronata-724x1024.jpg 724w, https:\/\/www.parrocchiavillanovadelbattista.it\/site\/wpita\/wp-content\/uploads\/2026\/05\/Locandina-A3-Mese-maggio-Incoronata-212x300.jpg 212w, https:\/\/www.parrocchiavillanovadelbattista.it\/site\/wpita\/wp-content\/uploads\/2026\/05\/Locandina-A3-Mese-maggio-Incoronata-768x1086.jpg 768w, https:\/\/www.parrocchiavillanovadelbattista.it\/site\/wpita\/wp-content\/uploads\/2026\/05\/Locandina-A3-Mese-maggio-Incoronata-1086x1536.jpg 1086w, https:\/\/www.parrocchiavillanovadelbattista.it\/site\/wpita\/wp-content\/uploads\/2026\/05\/Locandina-A3-Mese-maggio-Incoronata-1448x2048.jpg 1448w, https:\/\/www.parrocchiavillanovadelbattista.it\/site\/wpita\/wp-content\/uploads\/2026\/05\/Locandina-A3-Mese-maggio-Incoronata.jpg 1754w\" sizes=\"(max-width: 724px) 100vw, 724px\" \/><\/a><\/figure>\n<\/div>\n\n\n\n<div class=\"wp-block-column is-layout-flow wp-block-column-is-layout-flow\">\n<figure class=\"wp-block-image size-large is-resized\"><a href=\"https:\/\/www.parrocchiavillanovadelbattista.it\/site\/wpita\/wp-content\/uploads\/2026\/05\/incoronata-fg-2026.png\"><img decoding=\"async\" width=\"723\" height=\"1024\" src=\"https:\/\/www.parrocchiavillanovadelbattista.it\/site\/wpita\/wp-content\/uploads\/2026\/05\/incoronata-fg-2026-723x1024.png\" alt=\"\" class=\"wp-image-4228\" style=\"aspect-ratio:0.7064323926793927;width:357px;height:auto\" srcset=\"https:\/\/www.parrocchiavillanovadelbattista.it\/site\/wpita\/wp-content\/uploads\/2026\/05\/incoronata-fg-2026-723x1024.png 723w, https:\/\/www.parrocchiavillanovadelbattista.it\/site\/wpita\/wp-content\/uploads\/2026\/05\/incoronata-fg-2026-212x300.png 212w, https:\/\/www.parrocchiavillanovadelbattista.it\/site\/wpita\/wp-content\/uploads\/2026\/05\/incoronata-fg-2026-768x1087.png 768w, https:\/\/www.parrocchiavillanovadelbattista.it\/site\/wpita\/wp-content\/uploads\/2026\/05\/incoronata-fg-2026.png 1054w\" sizes=\"(max-width: 723px) 100vw, 723px\" \/><\/a><\/figure>\n<\/div>\n<\/div>\n\n\n\n<div class=\"wp-block-columns is-layout-flex wp-container-core-columns-is-layout-9d6595d7 wp-block-columns-is-layout-flex\">\n<div class=\"wp-block-column is-layout-flow wp-block-column-is-layout-flow\"><\/div>\n\n\n\n<div class=\"wp-block-column is-layout-flow wp-block-column-is-layout-flow\"><\/div>\n<\/div>\n\n\n\n<p><br>&nbsp;<\/p>\n\n\n\n<h2 class=\"wp-block-heading\"><\/h2>\n\n\n\n<div class=\"wp-block-columns is-layout-flex wp-container-core-columns-is-layout-9d6595d7 wp-block-columns-is-layout-flex\">\n<div class=\"wp-block-column is-layout-flow wp-block-column-is-layout-flow\"><\/div>\n\n\n\n<div class=\"wp-block-column is-layout-flow wp-block-column-is-layout-flow\"><\/div>\n<\/div>\n\n\n\n<div class=\"wp-block-columns is-layout-flex wp-container-core-columns-is-layout-9d6595d7 wp-block-columns-is-layout-flex\">\n<div class=\"wp-block-column is-layout-flow wp-block-column-is-layout-flow\"><\/div>\n\n\n\n<div class=\"wp-block-column is-layout-flow wp-block-column-is-layout-flow\"><\/div>\n\n\n\n<div class=\"wp-block-column is-layout-flow wp-block-column-is-layout-flow\"><\/div>\n<\/div>\n\n\n\n<div class=\"wp-block-columns is-layout-flex wp-container-core-columns-is-layout-9d6595d7 wp-block-columns-is-layout-flex\">\n<div class=\"wp-block-column is-layout-flow wp-block-column-is-layout-flow\"><\/div>\n\n\n\n<div class=\"wp-block-column is-layout-flow wp-block-column-is-layout-flow\"><\/div>\n<\/div>\n\n\n\n<p><\/p>\n\n\n\n<p><\/p>\n\n\n\n<p><\/p>\n\n\n\n<p><\/p>\n\n\n\n<div class=\"wp-block-columns is-layout-flex wp-container-core-columns-is-layout-9d6595d7 wp-block-columns-is-layout-flex\">\n<div class=\"wp-block-column is-layout-flow wp-block-column-is-layout-flow\"><\/div>\n\n\n\n<div class=\"wp-block-column is-layout-flow wp-block-column-is-layout-flow\"><\/div>\n<\/div>\n\n\n\n<figure class=\"wp-block-image size-large is-style-rounded\"><a href=\"https:\/\/www.parrocchiavillanovadelbattista.it\/site\/wpita\/wp-content\/uploads\/2015\/08\/fiori-linea.gif\"><img decoding=\"async\" width=\"507\" height=\"24\" src=\"https:\/\/www.parrocchiavillanovadelbattista.it\/site\/wpita\/wp-content\/uploads\/2015\/08\/fiori-linea.gif\" alt=\"\" class=\"wp-image-231\"\/><\/a><\/figure>\n\n\n\n<h2 class=\"wp-block-heading has-text-align-center\"><\/h2>\n\n\n\n<p><\/p>\n\n\n\n<h2 class=\"wp-block-heading has-text-align-center\"><\/h2>\n\n\n\n<p><\/p>\n\n\n\n<h2 class=\"wp-block-heading has-text-align-center\"><mark style=\"background-color:rgba(0, 0, 0, 0);color:#810101\" class=\"has-inline-color\">La Benedizione del Signore per Te.<\/mark><\/h2>\n\n\n\n<p class=\"has-text-align-center\"><strong><mark style=\"background-color:rgba(0, 0, 0, 0);color:#f76d0d\" class=\"has-inline-color\">Ti benedica il Signore<br>e ti custodisca.<br>Il Signore faccia risplendere per te il suo volto<br>e ti faccia grazia.<br>Il Signore rivolga a te il suo volto<br>e ti conceda pace\u201d<\/mark><\/strong>.<\/p>\n\n\n\n<p><\/p>\n\n\n\n<p><\/p>\n\n\n\n<h2 class=\"wp-block-heading\">Messaggio del 25 aprile Medjugorie<\/h2>\n\n\n\n<p class=\"has-text-color has-medium-font-size\" style=\"color:#f20202\"><\/p>\n\n\n\n<p class=\"has-text-color has-medium-font-size\" style=\"color:#f20202\"><strong><mark style=\"background-color:#ffffff;color:#296408\" class=\"has-inline-color\">&#8221;<em>Cari figli! Prego per voi e vi esorto ad una vita nuova, vita nella gioia e nella preghiera. Figlioli, lo Spirito Santo vi colmi di gioia affinch\u00e9 siate come una fonte d&#8217;acqua pura e potabile, affinch\u00e9, figlioli, siate in Dio e con Dio missionari di carit\u00e0 e di pace. La vostra vita, qui sulla Terra, \u00e8 breve e per questo sono con voi per guidarvi verso il Cielo..Grazie per aver risposto alla mia chiamata<\/em>.&#8221;<\/mark><\/strong><\/p>\n\n\n\n<p class=\"has-text-color has-medium-font-size\" style=\"color:#f20202\"><\/p>\n\n\n\n<p class=\"has-text-color has-medium-font-size\" style=\"color:#f20202\"><strong><em><mark style=\"background-color:rgba(0, 0, 0, 0)\" class=\"has-inline-color has-bbp-black-100-color\"><\/mark><\/em><\/strong><\/p>\n\n\n\n<div class=\"wp-block-columns is-layout-flex wp-container-core-columns-is-layout-9d6595d7 wp-block-columns-is-layout-flex\">\n<div class=\"wp-block-column is-layout-flow wp-block-column-is-layout-flow\">\n<p><\/p>\n<\/div>\n<\/div>\n\n\n\n<div class=\"wp-block-columns is-layout-flex wp-container-core-columns-is-layout-9d6595d7 wp-block-columns-is-layout-flex\">\n<div class=\"wp-block-column is-layout-flow wp-block-column-is-layout-flow\">\n<figure class=\"wp-block-embed is-type-video is-provider-youtube wp-block-embed-youtube wp-embed-aspect-16-9 wp-has-aspect-ratio\"><div class=\"wp-block-embed__wrapper\">\n<iframe title=\"Le 20 frasi di Sant&#039; Agostino che illumineranno la tua vita\" width=\"660\" height=\"371\" src=\"https:\/\/www.youtube.com\/embed\/j2xGD5cHJzY?feature=oembed\" frameborder=\"0\" allow=\"accelerometer; autoplay; clipboard-write; encrypted-media; gyroscope; picture-in-picture; web-share\" referrerpolicy=\"strict-origin-when-cross-origin\" allowfullscreen><\/iframe>\n<\/div><figcaption class=\"wp-element-caption\">20 frasi di Sant&#8217; Agostino che illumineranno la tua vita<\/figcaption><\/figure>\n<\/div>\n\n\n\n<div class=\"wp-block-column is-layout-flow wp-block-column-is-layout-flow\">\n<figure class=\"wp-block-image size-large is-style-default\"><a href=\"https:\/\/www.parrocchiavillanovadelbattista.it\/site\/wpita\/wp-content\/uploads\/2023\/11\/cresima-1.jpg\"><img decoding=\"async\" width=\"1024\" height=\"682\" src=\"https:\/\/www.parrocchiavillanovadelbattista.it\/site\/wpita\/wp-content\/uploads\/2023\/11\/cresima-1-1024x682.jpg\" alt=\"\" class=\"wp-image-2726\" srcset=\"https:\/\/www.parrocchiavillanovadelbattista.it\/site\/wpita\/wp-content\/uploads\/2023\/11\/cresima-1-1024x682.jpg 1024w, https:\/\/www.parrocchiavillanovadelbattista.it\/site\/wpita\/wp-content\/uploads\/2023\/11\/cresima-1-300x200.jpg 300w, https:\/\/www.parrocchiavillanovadelbattista.it\/site\/wpita\/wp-content\/uploads\/2023\/11\/cresima-1-768x511.jpg 768w, https:\/\/www.parrocchiavillanovadelbattista.it\/site\/wpita\/wp-content\/uploads\/2023\/11\/cresima-1-1536x1022.jpg 1536w, https:\/\/www.parrocchiavillanovadelbattista.it\/site\/wpita\/wp-content\/uploads\/2023\/11\/cresima-1-2048x1363.jpg 2048w, https:\/\/www.parrocchiavillanovadelbattista.it\/site\/wpita\/wp-content\/uploads\/2023\/11\/cresima-1-660x440.jpg 660w\" sizes=\"(max-width: 1024px) 100vw, 1024px\" \/><\/a><\/figure>\n<\/div>\n\n\n\n<div class=\"wp-block-column is-layout-flow wp-block-column-is-layout-flow\">\n<figure class=\"wp-block-embed is-type-video is-provider-youtube wp-block-embed-youtube wp-embed-aspect-16-9 wp-has-aspect-ratio\"><div class=\"wp-block-embed__wrapper\">\n<iframe title=\"Uno sguardo mai visto prima sulla vita umana nel grembo materno | Mi chiamo Olivia\" width=\"660\" height=\"371\" src=\"https:\/\/www.youtube.com\/embed\/aiskkD-Ocjo?feature=oembed\" frameborder=\"0\" allow=\"accelerometer; autoplay; clipboard-write; encrypted-media; gyroscope; picture-in-picture; web-share\" referrerpolicy=\"strict-origin-when-cross-origin\" allowfullscreen><\/iframe>\n<\/div><figcaption class=\"wp-element-caption\"><strong><mark style=\"background-color:rgba(0, 0, 0, 0);color:#b50c0c\" class=\"has-inline-color\">Il Miracolo della vita<\/mark>.<\/strong> Guarda cosa succede nel grembo di una donna quando concepisce un bimbo. Osserva, le carezze, il sorriso e&#8230;.<\/figcaption><\/figure>\n<\/div>\n<\/div>\n\n\n\n<div class=\"wp-block-columns is-layout-flex wp-container-core-columns-is-layout-9d6595d7 wp-block-columns-is-layout-flex\">\n<div class=\"wp-block-column is-layout-flow wp-block-column-is-layout-flow\"><\/div>\n\n\n\n<div class=\"wp-block-column is-layout-flow wp-block-column-is-layout-flow\"><\/div>\n<\/div>\n\n\n\n<h2 class=\"wp-block-heading\"><\/h2>\n\n\n\n<div class=\"wp-block-columns is-layout-flex wp-container-core-columns-is-layout-9d6595d7 wp-block-columns-is-layout-flex\">\n<div class=\"wp-block-column is-layout-flow wp-block-column-is-layout-flow\"><\/div>\n\n\n\n<div class=\"wp-block-column is-layout-flow wp-block-column-is-layout-flow\"><\/div>\n\n\n\n<div class=\"wp-block-column is-layout-flow wp-block-column-is-layout-flow\"><\/div>\n<\/div>\n\n\n\n<div class=\"wp-block-columns is-layout-flex wp-container-core-columns-is-layout-9d6595d7 wp-block-columns-is-layout-flex\">\n<div class=\"wp-block-column is-layout-flow wp-block-column-is-layout-flow\"><\/div>\n\n\n\n<div class=\"wp-block-column is-layout-flow wp-block-column-is-layout-flow\"><\/div>\n\n\n\n<div class=\"wp-block-column is-layout-flow wp-block-column-is-layout-flow\"><\/div>\n<\/div>\n\n\n\n<p class=\"has-text-color\" style=\"color:#f61212\"><\/p>\n\n\n\n<div class=\"wp-block-columns is-layout-flex wp-container-core-columns-is-layout-9d6595d7 wp-block-columns-is-layout-flex\">\n<div class=\"wp-block-column is-layout-flow wp-block-column-is-layout-flow\">\n<div class=\"wp-block-columns is-layout-flex wp-container-core-columns-is-layout-9d6595d7 wp-block-columns-is-layout-flex\">\n<div class=\"wp-block-column is-layout-flow wp-block-column-is-layout-flow\" style=\"flex-basis:100%\"><\/div>\n<\/div>\n<\/div>\n\n\n\n<div class=\"wp-block-column is-layout-flow wp-block-column-is-layout-flow\"><\/div>\n\n\n\n<div class=\"wp-block-column is-layout-flow wp-block-column-is-layout-flow\"><\/div>\n\n\n\n<div class=\"wp-block-column is-layout-flow wp-block-column-is-layout-flow\"><\/div>\n<\/div>\n\n\n\n<div class=\"wp-block-group\"><div class=\"wp-block-group__inner-container is-layout-constrained wp-block-group-is-layout-constrained\"><\/div><\/div>\n\n\n\n<div class=\"wp-block-columns is-layout-flex wp-container-core-columns-is-layout-9d6595d7 wp-block-columns-is-layout-flex\">\n<div class=\"wp-block-column is-layout-flow wp-block-column-is-layout-flow\">\n<div class=\"wp-block-group\"><div class=\"wp-block-group__inner-container is-layout-constrained wp-block-group-is-layout-constrained\">\n<div class=\"wp-block-columns is-layout-flex wp-container-core-columns-is-layout-9d6595d7 wp-block-columns-is-layout-flex\">\n<div class=\"wp-block-column is-layout-flow wp-block-column-is-layout-flow\"><\/div>\n<\/div>\n<\/div><\/div>\n<\/div>\n<\/div>\n\n\n\n<h2 class=\"wp-block-heading has-text-align-center\">&nbsp;<\/h2>\n\n\n\n<div class=\"wp-block-columns is-layout-flex wp-container-core-columns-is-layout-9d6595d7 wp-block-columns-is-layout-flex\">\n<div class=\"wp-block-column is-layout-flow wp-block-column-is-layout-flow\">\u00a0<\/div>\n<\/div>\n\n\n\n<figure class=\"wp-block-image size-large is-style-rounded\"><a href=\"https:\/\/www.parrocchiavillanovadelbattista.it\/site\/wpita\/wp-content\/uploads\/2015\/08\/fiori-linea.gif\"><img decoding=\"async\" width=\"507\" height=\"24\" src=\"https:\/\/www.parrocchiavillanovadelbattista.it\/site\/wpita\/wp-content\/uploads\/2015\/08\/fiori-linea.gif\" alt=\"\" class=\"wp-image-231\"\/><\/a><\/figure>\n\n\n\n<p>&nbsp;<\/p>\n","protected":false},"excerpt":{"rendered":"<p>Per vivere con coraggio i problemi e le sofferenze della vita concentra la tua attenzione e la tua intenzione su Ges\u00f9. Pagine aggiornate al Papa Leone XIV. Appuntamenti Parrocchiale &nbsp;&hellip;<\/p>\n","protected":false},"author":1,"featured_media":0,"parent":0,"menu_order":0,"comment_status":"closed","ping_status":"closed","template":"","meta":{"_mc_calendar":[],"footnotes":""},"class_list":["post-29","page","type-page","status-publish","hentry"],"_links":{"self":[{"href":"https:\/\/www.parrocchiavillanovadelbattista.it\/site\/wpita\/wp-json\/wp\/v2\/pages\/29","targetHints":{"allow":["GET"]}}],"collection":[{"href":"https:\/\/www.parrocchiavillanovadelbattista.it\/site\/wpita\/wp-json\/wp\/v2\/pages"}],"about":[{"href":"https:\/\/www.parrocchiavillanovadelbattista.it\/site\/wpita\/wp-json\/wp\/v2\/types\/page"}],"author":[{"embeddable":true,"href":"https:\/\/www.parrocchiavillanovadelbattista.it\/site\/wpita\/wp-json\/wp\/v2\/users\/1"}],"replies":[{"embeddable":true,"href":"https:\/\/www.parrocchiavillanovadelbattista.it\/site\/wpita\/wp-json\/wp\/v2\/comments?post=29"}],"version-history":[{"count":1601,"href":"https:\/\/www.parrocchiavillanovadelbattista.it\/site\/wpita\/wp-json\/wp\/v2\/pages\/29\/revisions"}],"predecessor-version":[{"id":4230,"href":"https:\/\/www.parrocchiavillanovadelbattista.it\/site\/wpita\/wp-json\/wp\/v2\/pages\/29\/revisions\/4230"}],"wp:attachment":[{"href":"https:\/\/www.parrocchiavillanovadelbattista.it\/site\/wpita\/wp-json\/wp\/v2\/media?parent=29"}],"curies":[{"name":"wp","href":"https:\/\/api.w.org\/{rel}","templated":true}]}}