{"id":18,"date":"2015-08-17T12:25:09","date_gmt":"2015-08-17T10:25:09","guid":{"rendered":"http:\/\/www.parrocchiavillanovadelbattista.it\/site\/wpita\/?page_id=18"},"modified":"2020-04-28T21:29:14","modified_gmt":"2020-04-28T19:29:14","slug":"attivita","status":"publish","type":"page","link":"https:\/\/www.parrocchiavillanovadelbattista.it\/site\/wpita\/attivita\/","title":{"rendered":"La Catechesi e il catechista"},"content":{"rendered":"\n<p class=\"has-luminous-vivid-orange-color has-text-color has-medium-font-size\"><strong>A) Un cammino con tanti si<\/strong><\/p>\n\n\n\n<p>Il modo con cui si diventa Catechisti \u00e8 vario.<\/p>\n\n\n\n<p>C&#8217;\u00e8 chi lo \u00e8 diventato per seguire di pi\u00f9 un figlio;chi si \u00e8 offerto per un servizio, chi \u00e8 stato &#8220;catturato&#8221; dal parroco per le necessit\u00e0 della parrocchia\u2026 ma dentro questi fatti si svolge una storia pi\u00f9 grande che ti invito a scoprire. \u00e8 la storia del s\u00ec.<\/p>\n\n\n\n<p>Anzitutto nella tua vita c&#8217;\u00e8 il s\u00ec di Dio che ti ha cercato, ti ha raggiunto con il suo amore; quel s\u00ec che puoi aver scoperto nelle persone che ti hanno fatto crescere, nella testimonianza di alcuni cristiani, e infine che hai udito nella Parola, gustato nei sacramenti che ti hanno reso somigliante a Cristo.<\/p>\n\n\n\n<p>\u00c8 da questi doni che nasce la tua &#8220;competenza&#8221;, perch\u00e9 il Catechista, come ogni buon narratore, racconta e parla di Colui che lo ha salvato.<\/p>\n\n\n\n<p>Ecco perch\u00e9 la Bibbia, grande racconto degli interventi di Dio \u00e8 il libro pi\u00f9 letto e studiato dal Catechista.<\/p>\n\n\n\n<p>Poi c&#8217;\u00e8 anche il tuo s\u00ec a Dio: \u00e8 la fede che un giorno ti ha portato a dire &#8220;O Dio, tu sei il mio Dio&#8221; (Sal 62).<\/p>\n\n\n\n<p>Ripensa a quel momento che pu\u00f2 essere cresciuto progressivamente o che forse \u00e8 giunto all&#8217;improvviso\u2026 \u00e8 il tuo legame personale con il Signore.<\/p>\n\n\n\n<p>Infine c&#8217;\u00e8 anche il s\u00ec della Chiesa a te:essa riconosce in te l&#8217;azione di Dio e ti affida un gruppo di persone per le quali sarai compagno di strada, con le quali dovrai condividere le domande e la ricerca del senso della vita fino all&#8217;incontro e all&#8217;adesione a Cristo.<\/p>\n\n\n\n<p>Per realizzare questa scelta occorre uno sforzo comune di annuncio e di testimonianza. Occorrono persone disposte a spendere la loro vita per il Vangelo. La Chiesa ha bisogno di Catechisti.<\/p>\n\n\n\n<p class=\"has-background\" style=\"background-color:#06ed98\"><strong>&#8220;Annunciate il Vangelo a ogni creatura&#8221;. ( <a href=\"http:\/\/www.unionecatechisti.it\/Testi\/Bibbia\/NuovoTest\/VangeliAt\/Marco\/Marco16.htm#V15\">Mc 16,15<\/a> )<\/strong><\/p>\n\n\n\n<p class=\"has-background\" style=\"background-color:#07e996\"><strong>&#8220;Crediamo, per questo parliamo&#8221;. ( <a href=\"http:\/\/www.unionecatechisti.it\/Testi\/Bibbia\/NuovoTest\/LPaolo\/2Corinzi\/2Corinzi04.htm#V13\">2 Cor 4,13<\/a> )<\/strong><\/p>\n\n\n\n<p class=\"has-luminous-vivid-orange-color has-text-color has-medium-font-size\"><strong>B) Finalit\u00e0 della catechesi<\/strong><\/p>\n\n\n\n<p>&#8220;La catechesi \u00e8 sempre ordinata a disporre e a guidare i credenti ad accogliere l&#8217;azione dello Spirito Santo per ravvivare e sviluppare la fede, per renderla esplicita ed operosa in una vita coerentemente cristiana&#8221; <a href=\"http:\/\/www.unionecatechisti.it\/Catechesi\/Schede\/SpiritCat\/Capitolo01.htm#N4\"><\/a><\/p>\n\n\n\n<p>&#8220;Con la catechesi, la Chiesa si rivolge a chi \u00e8 gi\u00e0 sul cammino della fede e gli presenta la parola di Dio in adeguata pienezza, con tutta longanimit\u00e0 e dottrina, perch\u00e9, mentre si apre alla grazia divina maturi in lui la sapienza di Cristo.<\/p>\n\n\n\n<p>Educare al pensiero di Cristo, a vedere la storia come lui, a giudicare la vita come lui, a scegliere e ad amare come lui, a sperare come insegna lui, a vivere in lui la comunione con il Padre e lo Spirito Santo.<\/p>\n\n\n\n<p>In una parola, nutrire e guidare una mentalit\u00e0 di fede:questa \u00e8 la missione fondamentale di chi fa catechesi a nome della Chiesa.<\/p>\n\n\n\n<p>In modo vario, ma sempre organico, tale missione riguarda unitariamente tutta la vita del cristiano: la conoscenza sempre pi\u00f9 profonda e personale della sua fede, la sua appartenenza a Cristo nella Chiesa; la sua apertura agli altri, il suo comportamento nella vita&#8221; .<\/p>\n\n\n\n<p class=\"has-text-color has-large-font-size\" style=\"color:#0007a3\"><strong>L&#8217;iniziaziazione cristiana<\/strong><\/p>\n\n\n\n<p class=\"has-background\" style=\"background-color:#93f395\"><strong>&#8220;Per iniziazione cristiana si pu\u00f2 intendere il processo globale attraverso il quale si diventa cristiani.<\/strong><\/p>\n\n\n\n<p>Si tratta di un cammino diffuso nel tempo e scandito dall&#8217;ascolto della Parola, dalla celebrazione e dalla testimonianza dei discepoli del Signore attraverso il quale il credente compie un apprendistato globale della vita cristiana e si impegna a una scelta di fede e a vivere come figlio di Dio, ed \u00e8 assimilato, con il battesimo, la confermazione e l&#8217;eucaristia, al mistero pasquale di Cristo nella chiesa&#8221; . <a href=\"http:\/\/www.unionecatechisti.it\/Catechesi\/Schede\/SpiritCat\/Capitolo01.htm#N6\"><\/a><\/p>\n\n\n\n<p>&#8220;L&#8217;iniziazione cristiana \u00e8 un cammino che introduce nelle dimensioni fondamentali della vita cristiana.<\/p>\n\n\n\n<p>aiutando a farle proprie:<\/p>\n\n\n\n<p>l&#8217;adesione personale al Dio vero e al suo piano salvifico in Cristo;<\/p>\n\n\n\n<p>la scoperta dei misteri principali della fede e la consapevolezza delle verit\u00e0 fondamentali del messaggio cristiano;<\/p>\n\n\n\n<p>l&#8217;acquisizione di una mentalit\u00e0 cristiana e di un comportamento evangelico;<\/p>\n\n\n\n<p>l&#8217;educazione alla preghiera;<\/p>\n\n\n\n<p>l&#8217;iniziazione e il senso di appartenenza alla Chiesa;<\/p>\n\n\n\n<p>la partecipazione sacramentale e liturgica.<\/p>\n\n\n\n<p>la formazione alla vita apostolica e missionaria;<\/p>\n\n\n\n<p>l&#8217;introduzione alla vita caritativa e all&#8217;impegno sociale&#8221; .<\/p>\n\n\n\n<p>&#8220;Alla fede adulta si giunge attraverso un cammino che si domanda in tre tappe fondamentali:<\/p>\n\n\n\n<p>la consapevole decisione per Ges\u00f9 Signore, l&#8217;appartenenza responsabile alla Chiesa, la capacit\u00e0 di afferrare la rilevanza della fede per i problemi dell&#8217;uomo e della societ\u00e0.<\/p>\n\n\n\n<p>La fede adulta non si rivolge all&#8217;uomo in modo qualsiasi ma attraverso la sua domanda di senso, la sua ricerca di verit\u00e0 e di giustizia, il suo impegno di valorizzazione&#8221; . <a href=\"http:\/\/www.unionecatechisti.it\/Catechesi\/Schede\/SpiritCat\/Capitolo01.htm#N8\"><\/a><\/p>\n\n\n\n<p>&#8220;L&#8217;arco dei contenuti, che i Catechisti vengono guidati ad accostare correttamente e ad assimilare non deve far dimenticare che l&#8217;aspetto forse pi\u00f9 impegnativo e tipico del loro servizio \u00e8 l&#8217;atto Catechistico stesso, ossia la capacit\u00e0 di fondere insieme i diversi elementi (contenuti, condizioni dei destinatari, contesto ecclesiale, strumenti didattici, linguaggio, interazione), nell&#8217;atto comunicativo, in vista di favorire il cammino di fede dei propri fratelli&#8221; . <a href=\"http:\/\/www.unionecatechisti.it\/Catechesi\/Schede\/SpiritCat\/Capitolo01.htm#N9\"><\/a><\/p>\n\n\n\n<p class=\"has-luminous-vivid-orange-color has-text-color has-medium-font-size\"><strong>Quali scelte fare oggi?<\/strong><\/p>\n\n\n\n<p>La scelta dei poveri, cio\u00e8 di coloro che sono pi\u00f9 bisognosi di annuncio e che meno facilmente sanno rivolgersi alla Chiesa.<\/p>\n\n\n\n<p>Gi\u00e0 nel Rinnovamento della catechesi \u00e8 suggerita questa scelta:<\/p>\n\n\n\n<p>&#8221; Con premura speciale i Catechisti devono prendere cura di coloro che hanno maggiore bisogno, perch\u00e9 pi\u00f9 poveri, pi\u00f9 deboli, meno dotati&#8221; . <a href=\"http:\/\/www.unionecatechisti.it\/Catechesi\/Schede\/SpiritCat\/Capitolo01.htm#N10\"><\/a><\/p>\n\n\n\n<p>Compiere delle scelte significa dare delle precedenze, mettere alcuni prima di altri.<\/p>\n\n\n\n<p>Spetta a tutti i responsabili della comunit\u00e0 operare queste scelte, tenendo conto delle necessit\u00e0 pi\u00f9 urgenti, delle difficolt\u00e0 e delle possibilit\u00e0 concrete.<\/p>\n\n\n\n<p>Occorre chiederci: chi abbiamo dimenticato?<\/p>\n\n\n\n<p>Siamo orientati a rivolgerci, oltrech\u00e9 ai bambini, anche ai giovani e agli adulti? <\/p>\n\n\n\n<p><a href=\"http:\/\/www.unionecatechisti.it\/Catechesi\/Schede\/SpiritCat\/Capitolo01.htm#R1\"><\/a><\/p>\n\n\n\n<p><\/p>\n","protected":false},"excerpt":{"rendered":"<p>A) Un cammino con tanti si Il modo con cui si diventa Catechisti \u00e8 vario. C&#8217;\u00e8 chi lo \u00e8 diventato per seguire di pi\u00f9 un figlio;chi si \u00e8 offerto per&hellip;<\/p>\n","protected":false},"author":1,"featured_media":0,"parent":0,"menu_order":0,"comment_status":"closed","ping_status":"closed","template":"","meta":{"_mc_calendar":[],"footnotes":""},"class_list":["post-18","page","type-page","status-publish","hentry"],"_links":{"self":[{"href":"https:\/\/www.parrocchiavillanovadelbattista.it\/site\/wpita\/wp-json\/wp\/v2\/pages\/18","targetHints":{"allow":["GET"]}}],"collection":[{"href":"https:\/\/www.parrocchiavillanovadelbattista.it\/site\/wpita\/wp-json\/wp\/v2\/pages"}],"about":[{"href":"https:\/\/www.parrocchiavillanovadelbattista.it\/site\/wpita\/wp-json\/wp\/v2\/types\/page"}],"author":[{"embeddable":true,"href":"https:\/\/www.parrocchiavillanovadelbattista.it\/site\/wpita\/wp-json\/wp\/v2\/users\/1"}],"replies":[{"embeddable":true,"href":"https:\/\/www.parrocchiavillanovadelbattista.it\/site\/wpita\/wp-json\/wp\/v2\/comments?post=18"}],"version-history":[{"count":3,"href":"https:\/\/www.parrocchiavillanovadelbattista.it\/site\/wpita\/wp-json\/wp\/v2\/pages\/18\/revisions"}],"predecessor-version":[{"id":1043,"href":"https:\/\/www.parrocchiavillanovadelbattista.it\/site\/wpita\/wp-json\/wp\/v2\/pages\/18\/revisions\/1043"}],"wp:attachment":[{"href":"https:\/\/www.parrocchiavillanovadelbattista.it\/site\/wpita\/wp-json\/wp\/v2\/media?parent=18"}],"curies":[{"name":"wp","href":"https:\/\/api.w.org\/{rel}","templated":true}]}}